{"id":813,"date":"2023-09-17T18:12:07","date_gmt":"2023-09-17T16:12:07","guid":{"rendered":"https:\/\/gitarrenkultur.de\/?page_id=813"},"modified":"2023-09-17T18:25:43","modified_gmt":"2023-09-17T16:25:43","slug":"news-archiv","status":"publish","type":"page","link":"https:\/\/gitarrenkultur.de\/?page_id=813","title":{"rendered":"News Archiv"},"content":{"rendered":"\n<p class=\"has-medium-font-size\">F\u00fcr Gitarristen und Musikbegeisterte &#8211; Herbstkurs mit Maria Linnemann in R\u00fcscheid<\/p>\n\n\n\n<p class=\"has-small-font-size\">Gemeinsam St\u00fccke f\u00fcr Gitarre mit Geige und Mandoline zu spielen, war die Motivation vieler Teilnehmer beim Hausseminar \u201cHerbstkurs mit Maria Linnemann\u201d, der in den R\u00e4umen der ehemaligen Musikschule Dierdorf e.V. in R\u00fcscheid stattfand. Vom F\u00f6rderverein Gitarrenkultur e.V. wurde dieser <a>Kurs<\/a> in der Zeit vom 27. &#8211; 30.11.2022 veranstaltet.<\/p>\n\n\n\n<p class=\"has-small-font-size\">Maria Linnemann, Musikerin und Komponistin, hat mit den zehn Teilnehmern des Kurses mehrere eigene, schon ver\u00f6ffentlichte, St\u00fccke einge\u00fcbt. Zus\u00e4tzlich brachte sie noch mehrere neue St\u00fccke mit, die gemeinsam gespielt wurden. Zu einer privaten Geburtstagsfeier spielten alle Teilnehmer die St\u00fccke einem begeisterten Publikum vor.<\/p>\n\n\n\n<p class=\"has-small-font-size\">Das ganze \u201eDrumherum\u201c, von der Verpflegung bis zur \u00dcbernachtung wurde von Bea Borm-B\u00fcrgstein, 2. Vorsitzende des F\u00f6rdervereins Gitarrenkultur e.V., organisiert und bereitgestellt. Alle Teilnehmer wurden so wunderbar betreut und umsorgt, dass die Tage wie im Fluge vergingen. Ein Ausflug nach Koblenz auf die Festung Ehrenbreitstein und zum Deutschen Eck war ein gelungener Abschluss des Kurses.<\/p>\n\n\n\n<p class=\"has-small-font-size\">Die meisten Teilnehmer wollen im kommenden Jahr zu den Gitarrentagen Vallendar wieder miteinander musizieren, auch in einem Ensemble mit Maria Linnemann. Vom 07. bis 11. Juni 2023 werden die Gitarrentage zum 28sten Mal veranstaltet, organisiert vom F\u00f6rderverein Gitarrenkultur e.V..<\/p>\n\n\n\n<p class=\"has-dark-gray-color has-text-color\" style=\"font-size:22px\"><strong>Nachruf<\/strong><\/p>\n\n\n<div class=\"wp-block-image\">\n<figure class=\"alignleft size-full is-resized\"><img loading=\"lazy\" decoding=\"async\" src=\"https:\/\/gitarrenkultur.de\/wp-content\/uploads\/2022\/02\/grafik-1.png\" alt=\"\" class=\"wp-image-472\" style=\"width:492px;height:318px\" width=\"492\" height=\"318\" srcset=\"https:\/\/gitarrenkultur.de\/wp-content\/uploads\/2022\/02\/grafik-1.png 492w, https:\/\/gitarrenkultur.de\/wp-content\/uploads\/2022\/02\/grafik-1-300x194.png 300w\" sizes=\"auto, (max-width: 492px) 100vw, 492px\" \/><\/figure>\n<\/div>\n\n\n<p class=\"has-dark-gray-color has-text-color\"><br><br>Christian Krautkr\u00e4mer, ein \u201eGEH-NIE\u201c (geht) von uns&#8230;.<br>&#8230;..und genau das w\u00e4re sein Humor gewesen.<br><br>Im ersten Jahr des Gitarrenkurses war Christian nur als Gast und Zuh\u00f6rer zugegen. Bereits am zweiten Kurs hat er teilgenommen, und war einige Jahre, so lange er konnte, ein fester Bestandteil des Gitarrenkurses in Vallendar.<br>Ohne seine lustigen Spr\u00fcche und Gags w\u00e4re der Kurs nur halb so sch\u00f6n gewesen. Er hat alle aufgemischt und jeden mit seiner frohen Art mitgerissen. Christian war wirklich ein besonderer Mensch, und das in jeder Hinsicht, bei ihm haben einige \u201eRollstuhl fahren\u201c gelernt.<br><br>Er lie\u00df es sich nicht nehmen auf sehr vielen Konzerten in der Lukaskirche dabei zu sein, er lie\u00df es sich auch nicht nehmen, immer wieder erneut auf den Kursen sein k\u00f6nnen auf der Gitarre zu pr\u00e4sentieren und in der Gemeinschaft auf dem Marktplatz bis sp\u00e4t des nachts zu musizieren oder mit uns gemeinsam zu feiern.<br>Deine gute Laune war ansteckend, wir hatten wirklich sehr viel Spa\u00df mit Dir, und Du mit uns, besonders im Ratskeller mit Joachim Trekel.<br>Vergessen k\u00f6nnen wir Dich sowieso nicht, aber wir werden bestimmt bei den weiteren Kursen \u00f6fter an Dich denken.<br>Es trauern mit Deinen Angeh\u00f6rigen; der Vorstand:<br>Bea, Utz und Fritz, sowie die Dozenten und Kursmitglieder die Dich kannten.<br>Wenn alles gut l\u00e4uft, &#8230;&#8230;. Du wei\u00dft schon!<\/p>\n\n\n\n<p class=\"has-dark-gray-color has-text-color\" style=\"font-size:22px\"><br><br><\/p>\n\n\n\n<p><\/p>\n\n\n\n<h1 class=\"wp-block-heading has-text-align-center\" id=\"nachruf\"><img loading=\"lazy\" decoding=\"async\" class=\"size-medium wp-image-401 alignleft\" src=\"https:\/\/gitarrenkultur.de\/wp-content\/uploads\/2020\/09\/Berni2-179x300.jpg\" alt=\"\" width=\"179\" height=\"300\" srcset=\"https:\/\/gitarrenkultur.de\/wp-content\/uploads\/2020\/09\/Berni2-179x300.jpg 179w, https:\/\/gitarrenkultur.de\/wp-content\/uploads\/2020\/09\/Berni2-612x1024.jpg 612w, https:\/\/gitarrenkultur.de\/wp-content\/uploads\/2020\/09\/Berni2-624x1044.jpg 624w, https:\/\/gitarrenkultur.de\/wp-content\/uploads\/2020\/09\/Berni2.jpg 640w\" sizes=\"auto, (max-width: 179px) 100vw, 179px\" \/>Nachruf<\/h1>\n\n\n\n<p>Am 2. September 2020 verstarb im Alter von 79 Jahren unser hochgesch\u00e4tzter Freund und Dozent<br>f\u00fcr Meisterklasse unserer Gitarrentage in Vallendar Bernard Hebb.<br>Wir werden ihn als wundervollen Menschen und Musiker vermissen.<\/p>\n\n\n\n<p>Ein langj\u00e4hriger Teilnehmer der GTV schrieb in einem Gitarrenforum:<br><em>&#8222;Das ist allerdings ein Schlag, sehr schade. Ein offener sehr kommunikativer Mensch.<\/em><br><em>Man konnte mit ihm \u00fcber alles diskutieren. Ich habe ihn bei uns auf den Gitarrentagen<\/em><br><em>in Vallendar kennengelernt. F\u00fcr uns ein Verlust.&#8220;<\/em><\/p>\n\n\n\n<p>Hier ein pers\u00f6nliches Schreiben an seine Frau Ingrid von unserer 2. Vorsitzenden Bea Borm-B\u00fcrgstein,<br>die selber eine lange Weggef\u00e4hrtin von Bernie war.<\/p>\n\n\n\n<h4 class=\"wp-block-heading\">&nbsp;<\/h4>\n\n\n\n<figure class=\"wp-block-table\"><table><tbody><tr><td>Liebe Ingrid<br>Unfassbar f\u00fcr uns alle kam die Nachricht von Bernies viel zu fr\u00fchen Tod durch Finn Svitt am Mittwochabend dem 2.9.2020.<br>Pl\u00f6tzlich steht man da und wei\u00df, mit diesem geliebten Menschen kann man nicht mehr lachen, reden, diskutieren, einen musikalischen Rat einholen oder, oder, oder. Auch wir haben Bernie Hebb als tollen Lebensgef\u00e4hrten kennen gelernt, ich seit 1993 in Zeven, wo ich 14 x gewesen bin.&nbsp; Harald seit 2008 wo er aufgenommen wurde als seine Mutter verstorben war und ich ihn einfach mitgenommen habe.<br>So wie meine Tochter Barbara, meine Nichte und viele Sch\u00fcler die mich zum Kurs begleitet haben. Uns hat immer das tolle Miteinander in Zeven gefallen. Die tollen Stunden, die Orchesterarbeit und die sch\u00f6nen Konzerte. Dann eure Teilnahme an unsere Gitarrentage in Vallendar. Bernie hatte spontan seine Teilnahme als Lehrer f\u00fcr 2018 zugesagt als einer der Gastprofessoren und auch f\u00fcr 2019 wo ihr wieder bei uns wart.<br>Sein toller Unterricht, die sch\u00f6nen Gespr\u00e4che und der gro\u00dfartige Vortrag den er 2018 freitags gehalten hat.&nbsp; Was f\u00fcr ein Wissen nimmt er mit, aber hat vielen Menschen damit geholfen und ihr Leben nicht nur musikalische bereichert.<br>Liebe Ingrid, wir werden in Kontakt bleiben, das ist mir sehr wichtig.<br>Auch deine Mithilfe bei unseren Gitarrentagen 2018, als ich im Rollstuhl war, sollten wir nicht vergessen. Leider hat und Corona 2020 nicht zusammen kommen lassen, weder in Zeven und auch nicht in Vallendar, wo wir mit kleiner Mannschaft einen \u201eCorona\u201c Kurs abgehalten haben, allerdings ohne Professoren.<br>Nun passt nur noch der Satz:<br><strong><em>Menschen treten in unser Leben und begleiten uns eine Weile, einige bleiben f\u00fcr immer, denn sie hinterlassen Spuren in unserer Herzen.<\/em><\/strong><br>Glaube mir, Bernie war genau so ein Mensch, Lehrer, Freund und Kamerad mit dem man&nbsp; lachen und sich immer austauschen konnte.<br>Alles Liebe Deine Beatrice Borm-B\u00fcrgstein<br><\/td><\/tr><\/tbody><\/table><\/figure>\n\n\n\n<h4 class=\"wp-block-heading\" id=\"a-simple-song-of-hope\"><span style=\"color: #ffcc00;\">&#8222;A Simple Song of Hope&#8220;<br><\/span><\/h4>\n\n\n\n<p>Unsere langj\u00e4hrige Dozentin der Gitarrentage Maria Linnemann hat dieses St\u00fcck im April 2020 komponiert. Sie hat es mit Leon Frijns, der ebenfalls ein langj\u00e4hriger Dozent der Gitarrentage ist, aufgenommen. Es hei\u00dft &#8222;A Simple Song of Hope&#8220;.<\/p>\n\n\n\n<figure class=\"wp-block-image\"><img loading=\"lazy\" decoding=\"async\" width=\"300\" height=\"132\" src=\"https:\/\/gitarrenkultur.de\/wp-content\/uploads\/2020\/06\/MariaLeon-300x132.jpg\" alt=\"\" class=\"wp-image-382\" srcset=\"https:\/\/gitarrenkultur.de\/wp-content\/uploads\/2020\/06\/MariaLeon-300x132.jpg 300w, https:\/\/gitarrenkultur.de\/wp-content\/uploads\/2020\/06\/MariaLeon.jpg 479w\" sizes=\"auto, (max-width: 300px) 100vw, 300px\" \/><\/figure>\n\n\n\n<p>Hier findet ihr die <a href=\"https:\/\/www.youtube.com\/watch?v=giWNujkg_60&amp;feature=share&amp;fbclid=IwAR1ZK3YThOTfsuExg84YhRU_6AZmBrqBLI_9gyl7IvahcMc_DIl8COPgtBY\">Aufnahme bei youtube<\/a><\/p>\n\n\n\n<h3 class=\"wp-block-heading\">&nbsp;<\/h3>\n","protected":false},"excerpt":{"rendered":"<p>F\u00fcr Gitarristen und Musikbegeisterte &#8211; Herbstkurs mit Maria Linnemann in R\u00fcscheid Gemeinsam St\u00fccke f\u00fcr Gitarre mit Geige und Mandoline zu spielen, war die Motivation vieler Teilnehmer beim Hausseminar \u201cHerbstkurs mit Maria Linnemann\u201d, der in den R\u00e4umen der ehemaligen Musikschule Dierdorf e.V. in R\u00fcscheid stattfand. Vom F\u00f6rderverein Gitarrenkultur e.V. wurde dieser Kurs in der Zeit vom [&hellip;]<\/p>\n","protected":false},"author":1,"featured_media":0,"parent":216,"menu_order":1,"comment_status":"closed","ping_status":"closed","template":"","meta":{"footnotes":""},"class_list":["post-813","page","type-page","status-publish","hentry"],"_links":{"self":[{"href":"https:\/\/gitarrenkultur.de\/index.php?rest_route=\/wp\/v2\/pages\/813","targetHints":{"allow":["GET"]}}],"collection":[{"href":"https:\/\/gitarrenkultur.de\/index.php?rest_route=\/wp\/v2\/pages"}],"about":[{"href":"https:\/\/gitarrenkultur.de\/index.php?rest_route=\/wp\/v2\/types\/page"}],"author":[{"embeddable":true,"href":"https:\/\/gitarrenkultur.de\/index.php?rest_route=\/wp\/v2\/users\/1"}],"replies":[{"embeddable":true,"href":"https:\/\/gitarrenkultur.de\/index.php?rest_route=%2Fwp%2Fv2%2Fcomments&post=813"}],"version-history":[{"count":3,"href":"https:\/\/gitarrenkultur.de\/index.php?rest_route=\/wp\/v2\/pages\/813\/revisions"}],"predecessor-version":[{"id":818,"href":"https:\/\/gitarrenkultur.de\/index.php?rest_route=\/wp\/v2\/pages\/813\/revisions\/818"}],"up":[{"embeddable":true,"href":"https:\/\/gitarrenkultur.de\/index.php?rest_route=\/wp\/v2\/pages\/216"}],"wp:attachment":[{"href":"https:\/\/gitarrenkultur.de\/index.php?rest_route=%2Fwp%2Fv2%2Fmedia&parent=813"}],"curies":[{"name":"wp","href":"https:\/\/api.w.org\/{rel}","templated":true}]}}