{"id":81,"date":"2019-10-22T07:50:21","date_gmt":"2019-10-22T07:50:21","guid":{"rendered":"http:\/\/gitarrenkultur.de\/?page_id=81"},"modified":"2019-10-22T07:59:52","modified_gmt":"2019-10-22T07:59:52","slug":"verein","status":"publish","type":"page","link":"https:\/\/gitarrenkultur.de\/?page_id=81","title":{"rendered":"Verein"},"content":{"rendered":"\n<h1 class=\"wp-block-heading\">Wir \u00fcber uns<\/h1>\n\n\n\n<p>Der F\u00f6rderverein Gitarrenkultur e.V. wurde im Jahr 2002 auf Anregung von Beatrice Borm gegr\u00fcndet. Die Idee war es, durch musikalische Veranstaltungen in den Bereichen <em>Klassik, Flamenco, Jazz, Rock, Blues, Folklore sowie experimenteller und neuer Musikbereiche<\/em> das kulturelle Leben in der Region zu bereichern.<\/p>\n\n\n\n<p>So veranstaltet der Verein regelm\u00e4\u00dfig Konzerte mit nationalen und internationalen K\u00fcnstlern in der Lukaskirche Vallendar. Einmal im Jahr erh\u00e4lt hier zudem ein junger Nachwuchsk\u00fcnstler, vornehmlich aus der Region, die M\u00f6glichkeit sein K\u00f6nnen zu pr\u00e4sentieren.<\/p>\n\n\n\n<p>Durch familien- und studentenfreundliche Eintrittspreise soll jedem die M\u00f6glichkeit gegeben werden, Kultur in der Region Koblenz zu erleben.<\/p>\n\n\n\n<p>Der Hauptschwerpunkt des Vereins besteht in der Ausrichtung von Seminaren und Workshops f\u00fcr Laien und professionelle Musiker,<br>\ninsbesondere Gitarristen.<\/p>\n\n\n\n<p>So finden kleine Hausseminare z.B. zum Thema Improvisation und ein Gitarrenworkshop speziell f\u00fcr Kinder unter 10 Jahren statt.<br>\nDar\u00fcber hinaus richtet der Verein jedes Jahr die Gitarrentage in Vallendar aus.<\/p>\n\n\n\n<h5 class=\"wp-block-heading\">                                <img loading=\"lazy\" decoding=\"async\" width=\"305\" height=\"241\" class=\"wp-image-87\" style=\"width: 305px;\" src=\"https:\/\/gitarrenkultur.de\/wp-content\/uploads\/2019\/10\/Vorstand-e1571730931429.jpg\" alt=\"\"><\/h5>\n\n\n\n<p>                   Unser Vorstand: Utz Hafner, Beatrice Borm-B\u00fcrgstein, Fritz R\u00f6ssel<\/p>\n","protected":false},"excerpt":{"rendered":"<p>Wir \u00fcber uns Der F\u00f6rderverein Gitarrenkultur e.V. wurde im Jahr 2002 auf Anregung von Beatrice Borm gegr\u00fcndet. Die Idee war es, durch musikalische Veranstaltungen in den Bereichen Klassik, Flamenco, Jazz, Rock, Blues, Folklore sowie experimenteller und neuer Musikbereiche das kulturelle Leben in der Region zu bereichern. So veranstaltet der Verein regelm\u00e4\u00dfig Konzerte mit nationalen und [&hellip;]<\/p>\n","protected":false},"author":1,"featured_media":0,"parent":0,"menu_order":0,"comment_status":"closed","ping_status":"closed","template":"","meta":{"footnotes":""},"class_list":["post-81","page","type-page","status-publish","hentry"],"_links":{"self":[{"href":"https:\/\/gitarrenkultur.de\/index.php?rest_route=\/wp\/v2\/pages\/81","targetHints":{"allow":["GET"]}}],"collection":[{"href":"https:\/\/gitarrenkultur.de\/index.php?rest_route=\/wp\/v2\/pages"}],"about":[{"href":"https:\/\/gitarrenkultur.de\/index.php?rest_route=\/wp\/v2\/types\/page"}],"author":[{"embeddable":true,"href":"https:\/\/gitarrenkultur.de\/index.php?rest_route=\/wp\/v2\/users\/1"}],"replies":[{"embeddable":true,"href":"https:\/\/gitarrenkultur.de\/index.php?rest_route=%2Fwp%2Fv2%2Fcomments&post=81"}],"version-history":[{"count":3,"href":"https:\/\/gitarrenkultur.de\/index.php?rest_route=\/wp\/v2\/pages\/81\/revisions"}],"predecessor-version":[{"id":90,"href":"https:\/\/gitarrenkultur.de\/index.php?rest_route=\/wp\/v2\/pages\/81\/revisions\/90"}],"wp:attachment":[{"href":"https:\/\/gitarrenkultur.de\/index.php?rest_route=%2Fwp%2Fv2%2Fmedia&parent=81"}],"curies":[{"name":"wp","href":"https:\/\/api.w.org\/{rel}","templated":true}]}}