{"id":65,"date":"2019-10-21T15:59:19","date_gmt":"2019-10-21T15:59:19","guid":{"rendered":"http:\/\/gitarrenkultur.de\/?page_id=65"},"modified":"2019-10-21T16:11:21","modified_gmt":"2019-10-21T16:11:21","slug":"impressum","status":"publish","type":"page","link":"https:\/\/gitarrenkultur.de\/?page_id=65","title":{"rendered":"Impressum"},"content":{"rendered":"\n<h1 class=\"wp-block-heading\">Impressum und rechtliche Hinweise<\/h1>\n\n\n\n<p>Dies ist der offizielle Internet-Auftritt des F\u00f6rdervereines Gitarrenkultur e.V. .<\/p>\n\n\n\n<p>Anbieter dieser Informationen ist:<\/p>\n\n\n\n<p>F\u00f6rderverein Gitarrenkultur  e.V.<\/p>\n\n\n\n<p>Waldstra\u00dfe 9, 56584 R\u00fcscheid<\/p>\n\n\n\n<p>Tel.: 02639 \/ 1244<br> eMail: kontakt @ gitarrenkultur.de<\/p>\n\n\n\n<p>Verantwortlich lt. \u00a726 Vereinsgesetz:<\/p>\n\n\n\n<ul class=\"wp-block-list\"><li>1. Vorsitzender: Fritz R\u00f6ssel<\/li><li>2. Vorsitzender: Beatrice Borm &#8211; B\u00fcrgstein<\/li><\/ul>\n\n\n\n<p>Aktenzeichen des Vereines: 22.1980-XI-4<\/p>\n\n\n\n<p>Wir sind wegen F\u00f6rderung der Kultur, die nicht in erster Linie der Freizeitgestaltung dient, nach dem letzten uns zugegangenem Freistellungsbescheides vom 23.4.2009 bzw. nach Abgabe zum K\u00f6rperschaftsbesteuerungsbescheides von der K\u00f6rperschaftssteuer und nach \u00a7 3 Nr. 6 des Gewerbesteuergesetzes von der Gewerbesteuer befreit.<\/p>\n\n\n\n<p><strong>\nHinweise<\/strong>\nDer F\u00f6rderverein Gitarrenkultur e.V. \u00fcbernimmt keine Haftung oder Garantie f\u00fcr die Aktualit\u00e4t, Richtigkeit und Vollst\u00e4ndigkeit der Inhalte und Informationen, die auf direkten oder indirekten Links zu dieser Website bereitgestellt werden und ist auch nicht verantwortlich f\u00fcr die Inhalte der Websites, die mit solchen Links erreicht werden.\nDer Inhalt und die Darstellung dieser Website ist urheberrechtlich gesch\u00fctzt. Insbesondere ist die Speicherung und Vervielf\u00e4ltigung von hier wiedergegebenem Bildmaterial, von Fotografien oder Grafiken aus urheberrechtlichen Gr\u00fcnden nicht gestattet.\nDie Nutzung des \u00fcbrigen Materials ist ausschlie\u00dflich zu privaten Zwecken gestattet. Jede gewerbliche Nutzung bedarf der vorherigen schriftlichen Genehmigung der Informatik Team GmbH.\nEbenfalls haftet der F\u00f6rderverein Gitarrenkultur e.V. nicht f\u00fcr direkte oder indirekte Sch\u00e4den, einschlie\u00dflich entgangenen Gewinns, die auf Grund von oder sonst wie in Verbindung mit Informationen entstehen, die auf dieser Website bereitgehalten werden.\nBei der Erstellung und Gestaltung dieser Homepage haben wir versucht, behindertenspezifische Barrieren soweit wie m\u00f6glich zu vermeiden. Sollten Ihnen beim Surfen auf unseren Seiten Probleme oder Barrieren auffallen oder haben Sie Anregungen oder Verbesserungsvorschl\u00e4ge, teilen Sie uns diese bitte mit. Wir werden versuchen, Ihre Anregungen und Vorschl\u00e4ge im Rahmen unserer M\u00f6glichkeiten zu ber\u00fccksichtigen.<\/p>\n\n\n\n<p><strong>Hinweis zu unseren Links; Erkl\u00e4rung zur Distanzierung<\/strong><br>\nDas Landgericht Hamburg hat mit Urteil vom 12.05.1998 (Az: 312 O 85\/98) entschieden, dass man durch die Ausbringung eines Links die Inhalte der gelinkten Seite ggf. mit zu verantworten hat. Dies kann &#8211; so das Landesgericht &#8211; nur dadurch verhindert werden, dass man sich ausdr\u00fccklich von diesen Inhalten distanziert.<br>\nWir haben auf unseren Seiten Links zu anderen Seiten im Internet gelegt. F\u00fcr all diese Links gilt: Wir m\u00f6chten ausdr\u00fccklich betonen, dass wir keinerlei Einfluss auf die Gestaltung und die Inhalte der gelinkten Seiten haben. Deshalb distanzieren wir uns ausdr\u00fccklich von allen Inhalten aller gelinkten Seiten auf unserer gesamten Website inkl. aller Unterseiten. Diese Erkl\u00e4rung gilt f\u00fcr alle auf unserer Homepage ausgebrachten Links und f\u00fcr alle Inhalte der Seiten, zu denen Links oder Banner f\u00fchren.<\/p>\n\n\n\n<p><strong>Rechtshinweise f\u00fcr Verlinkungen:<\/strong><br>\nVerlinkungen zu unserer Website oder Teilen daraus sind nur nach vorheriger Genehmigung durch den F\u00f6rderverein Gitarrenkultur e.V. bzw. dem Webmaster erlaubt. Die Genehmigung erfolgt kostenfrei. Zuwiderhandlungen werden strafrechtlich verfolgt.<\/p>\n","protected":false},"excerpt":{"rendered":"<p>Impressum und rechtliche Hinweise Dies ist der offizielle Internet-Auftritt des F\u00f6rdervereines Gitarrenkultur e.V. . Anbieter dieser Informationen ist: F\u00f6rderverein Gitarrenkultur e.V. Waldstra\u00dfe 9, 56584 R\u00fcscheid Tel.: 02639 \/ 1244 eMail: kontakt @ gitarrenkultur.de Verantwortlich lt. \u00a726 Vereinsgesetz: 1. Vorsitzender: Fritz R\u00f6ssel 2. Vorsitzender: Beatrice Borm &#8211; B\u00fcrgstein Aktenzeichen des Vereines: 22.1980-XI-4 Wir sind wegen F\u00f6rderung [&hellip;]<\/p>\n","protected":false},"author":1,"featured_media":0,"parent":0,"menu_order":0,"comment_status":"closed","ping_status":"closed","template":"","meta":{"footnotes":""},"class_list":["post-65","page","type-page","status-publish","hentry"],"_links":{"self":[{"href":"https:\/\/gitarrenkultur.de\/index.php?rest_route=\/wp\/v2\/pages\/65","targetHints":{"allow":["GET"]}}],"collection":[{"href":"https:\/\/gitarrenkultur.de\/index.php?rest_route=\/wp\/v2\/pages"}],"about":[{"href":"https:\/\/gitarrenkultur.de\/index.php?rest_route=\/wp\/v2\/types\/page"}],"author":[{"embeddable":true,"href":"https:\/\/gitarrenkultur.de\/index.php?rest_route=\/wp\/v2\/users\/1"}],"replies":[{"embeddable":true,"href":"https:\/\/gitarrenkultur.de\/index.php?rest_route=%2Fwp%2Fv2%2Fcomments&post=65"}],"version-history":[{"count":3,"href":"https:\/\/gitarrenkultur.de\/index.php?rest_route=\/wp\/v2\/pages\/65\/revisions"}],"predecessor-version":[{"id":71,"href":"https:\/\/gitarrenkultur.de\/index.php?rest_route=\/wp\/v2\/pages\/65\/revisions\/71"}],"wp:attachment":[{"href":"https:\/\/gitarrenkultur.de\/index.php?rest_route=%2Fwp%2Fv2%2Fmedia&parent=65"}],"curies":[{"name":"wp","href":"https:\/\/api.w.org\/{rel}","templated":true}]}}