{"id":23,"date":"2019-10-21T14:59:23","date_gmt":"2019-10-21T14:59:23","guid":{"rendered":"http:\/\/gitarrenkultur.de\/?page_id=23"},"modified":"2025-10-19T16:55:06","modified_gmt":"2025-10-19T14:55:06","slug":"baustelle","status":"publish","type":"page","link":"https:\/\/gitarrenkultur.de\/","title":{"rendered":"Home"},"content":{"rendered":"\n<p style=\"font-size:29px\"><strong>Herzlich Willkommen auf unserer Homepage<\/strong><\/p>\n\n\n\n<p class=\"has-text-align-left has-text-color has-link-color has-medium-font-size wp-elements-33cadf6c01f77a3c99f001ae4c06c4bf\" style=\"color:#f98b16\"><strong>Die Gitarrentage 2026 finden vom 13. Mai bis 17. Mai statt.<\/strong><\/p>\n\n\n\n<p class=\"has-text-align-left\"><\/p>\n\n\n\n<p class=\"has-text-color\" style=\"color:#e94c44;font-size:22px\"><\/p>\n\n\n\n<figure class=\"wp-block-image size-large\"><img loading=\"lazy\" decoding=\"async\" width=\"1024\" height=\"773\" src=\"https:\/\/gitarrenkultur.de\/wp-content\/uploads\/2023\/09\/Impressionen-GTV2023-1024x773.png\" alt=\"\" class=\"wp-image-820\" srcset=\"https:\/\/gitarrenkultur.de\/wp-content\/uploads\/2023\/09\/Impressionen-GTV2023-1024x773.png 1024w, https:\/\/gitarrenkultur.de\/wp-content\/uploads\/2023\/09\/Impressionen-GTV2023-300x226.png 300w, https:\/\/gitarrenkultur.de\/wp-content\/uploads\/2023\/09\/Impressionen-GTV2023-768x580.png 768w, https:\/\/gitarrenkultur.de\/wp-content\/uploads\/2023\/09\/Impressionen-GTV2023-1536x1159.png 1536w, https:\/\/gitarrenkultur.de\/wp-content\/uploads\/2023\/09\/Impressionen-GTV2023-2048x1545.png 2048w, https:\/\/gitarrenkultur.de\/wp-content\/uploads\/2023\/09\/Impressionen-GTV2023-624x471.png 624w\" sizes=\"auto, (max-width: 1024px) 100vw, 1024px\" \/><\/figure>\n\n\n\n<p class=\"has-text-align-center\"><strong>Impressionen von den Gitarrentagen 2023<\/strong><\/p>\n\n\n\n<p><\/p>\n\n\n\n<p><\/p>\n\n\n\n<p><strong>Nachruf<\/strong><br>Unser Verein trauert um unser langj\u00e4hriges Vereinsmitglied,<br>die Gitarristen Heike Matthiesen, die am 22.12.2023 verstorben ist.<br>Wir erinnern uns an viele sch\u00f6ne Konzerte und<br>sch\u00f6ne Begegnungen mit ihr.<\/p>\n","protected":false},"excerpt":{"rendered":"<p>Herzlich Willkommen auf unserer Homepage Die Gitarrentage 2026 finden vom 13. Mai bis 17. Mai statt. Impressionen von den Gitarrentagen 2023 NachrufUnser Verein trauert um unser langj\u00e4hriges Vereinsmitglied,die Gitarristen Heike Matthiesen, die am 22.12.2023 verstorben ist.Wir erinnern uns an viele sch\u00f6ne Konzerte undsch\u00f6ne Begegnungen mit ihr.<\/p>\n","protected":false},"author":1,"featured_media":0,"parent":0,"menu_order":0,"comment_status":"closed","ping_status":"closed","template":"","meta":{"footnotes":""},"class_list":["post-23","page","type-page","status-publish","hentry"],"_links":{"self":[{"href":"https:\/\/gitarrenkultur.de\/index.php?rest_route=\/wp\/v2\/pages\/23","targetHints":{"allow":["GET"]}}],"collection":[{"href":"https:\/\/gitarrenkultur.de\/index.php?rest_route=\/wp\/v2\/pages"}],"about":[{"href":"https:\/\/gitarrenkultur.de\/index.php?rest_route=\/wp\/v2\/types\/page"}],"author":[{"embeddable":true,"href":"https:\/\/gitarrenkultur.de\/index.php?rest_route=\/wp\/v2\/users\/1"}],"replies":[{"embeddable":true,"href":"https:\/\/gitarrenkultur.de\/index.php?rest_route=%2Fwp%2Fv2%2Fcomments&post=23"}],"version-history":[{"count":59,"href":"https:\/\/gitarrenkultur.de\/index.php?rest_route=\/wp\/v2\/pages\/23\/revisions"}],"predecessor-version":[{"id":1094,"href":"https:\/\/gitarrenkultur.de\/index.php?rest_route=\/wp\/v2\/pages\/23\/revisions\/1094"}],"wp:attachment":[{"href":"https:\/\/gitarrenkultur.de\/index.php?rest_route=%2Fwp%2Fv2%2Fmedia&parent=23"}],"curies":[{"name":"wp","href":"https:\/\/api.w.org\/{rel}","templated":true}]}}