{"id":178,"date":"2019-10-22T12:21:17","date_gmt":"2019-10-22T12:21:17","guid":{"rendered":"http:\/\/gitarrenkultur.de\/?page_id=178"},"modified":"2023-01-28T12:39:03","modified_gmt":"2023-01-28T12:39:03","slug":"agbs","status":"publish","type":"page","link":"https:\/\/gitarrenkultur.de\/?page_id=178","title":{"rendered":"AGBs"},"content":{"rendered":"\n<h2 class=\"wp-block-heading\">Unsere Allgemeinen Gesch\u00e4ftsbedingungen f\u00fcr Seminare und Festivals<\/h2>\n\n\n\n<p>1      Sie bieten uns den Abschluss des Vertrages an, wenn Ihre schriftliche Anmeldung per Post, per Telefax oder per eMail bei uns zugeht.<\/p>\n\n\n\n<p>2      Bei Minderj\u00e4hrigen ist die schriftliche Einverst\u00e4ndniserkl\u00e4rung der Erziehungsberechtigten auf dem daf\u00fcr vorgesehenen Vordruck erforderlich. Die Einverst\u00e4ndniserkl\u00e4rung beinhaltet besondere Regelungen f\u00fcr das Verhalten der minderj\u00e4hrigen Kursteilnehmer f\u00fcr den ganzen  Zeitraum des Kurses, also zwischen An- und Abreise. Die Erziehungsberechtigten erkl\u00e4ren sich durch ihre Unterschrift mit diesen Regelungen und den Ma\u00dfnahmen bei Zuwiderhandlung ausdr\u00fccklich einverstanden.<\/p>\n\n\n\n<p>3      Die Anmeldungen werden in der Reihenfolge des Eingangs ber\u00fccksichtigt. Die Platzreservierung erfolgt nach Eingang der Kurs-\/Teilnamegeb\u00fchr oder der Anzahlung auf das Vereinskonto.<\/p>\n\n\n\n<p>4      Der Vertrag erst kommt zustande, wenn mindestens die Anzahlung von 100 Euro bei auf dem Vereinskonto eingegangen ist und die Anmeldung durch \u00dcbersendung einer Vertragsbest\u00e4tigung\/Rechnung von uns best\u00e4tigt wird.<\/p>\n\n\n\n<p>5      Die Anzahlung wird grunds\u00e4tzlich nicht zur\u00fcckgezahlt, wenn Kursteilnehmer seine Teilnahme storniert. Weitergehende Zahlungen werden zur H\u00e4lfte zur\u00fcckgezahlt, wenn der Kursteilnehmer seine Teilnahme bis 14 Tage vor dem Kurs storniert. Bei Stornierung eines Kurses nach seinem Beginn erfolgt keine R\u00fcckzahlung.<\/p>\n\n\n\n<p>6      Die Veranstaltung findet nur statt, wenn die genannte Mindestteilnehmerzahl erreicht wird. Wird diese Mindestteilnehmerzahl nicht erreicht, sind wir berechtigt den Kurs bis 1 Woche vorher abzusagen.<\/p>\n\n\n\n<p>7      Wird der Kurs von uns abgesagt, erhalten sie die Anzahlung zur\u00fcck. Weitere Kosten wie z.B. Reisekosten und Reiser\u00fccktrittsversicherungen k\u00f6nnen nicht von uns erstattet werden.<\/p>\n\n\n\n<p>8      Die Kursgeb\u00fchr beinhaltet die Kursteilnahme, die Unterbringung mit Vollpension, sowie die Teilnahme an allen Konzerten und Vortr\u00e4gen der Veranstaltung.<\/p>\n\n\n\n<p>9      Die Unterbringung erfolgt in Mehrbettzimmern. Alle Kursteilnehmer werden mindestens einmal zum Eindecken und Abr\u00e4umen von Geschirr und Besteck f\u00fcr die Mahlzeiten und zum Sp\u00fcldienst eingeteilt.<\/p>\n\n\n\n<p>10  In der Kursgeb\u00fchr sind nicht enthalten:<br>\nKosten f\u00fcr An- und Abreise,  Getr\u00e4nke und Speisen au\u00dferhalb der Mahlzeiten (Fr\u00fchst\u00fcck, Mittagessen, Abendessen), Reiseversicherungen, sonstige Nebenkosten.<\/p>\n\n\n\n<p>11  Nach Vorabsprache kann ggf. ein Transfer zwischen dem Bahnhof Koblenz und dem Veranstaltungsort organisiert werden. N\u00e4here Einzelheiten dazu werden in den Kursunterlagen beschrieben.<\/p>\n\n\n\n<p>12  Es sind zum Kurs neben Kleidung und pers\u00f6nlichen Bedarfsartikeln mitzubringen:<br>\nInstrumente nebst Zubeh\u00f6r (z.B. Kabel und Verst\u00e4rker f\u00fcr E-Gitarristen), Notenst\u00e4nder, Instrumentenst\u00e4nder, Bettw\u00e4sche, Handt\u00fccher.<\/p>\n\n\n\n<p>13  Sofern verf\u00fcgbar k\u00f6nnen auch Bettw\u00e4sche und Handt\u00fccher gegen Geb\u00fchr beim Unterkunftsbetrieb ausgeliehen werden. Bitte vorher bei uns anfragen.<\/p>\n\n\n\n<p>14  Wir haften f\u00fcr eine gewissenhafte Vorbereitung und Durchf\u00fchrung des Kurses. Insbesondere f\u00fcr die sorgf\u00e4ltige Auswahl der Dozenten, der Unterkunft und der Dienstleister.<\/p>\n\n\n\n<p>15  \u00c4nderungen und Abweichungen des Kurses, die hinsichtlich einzelner Leistungen nach Vertragsabschluss notwendig werden, sind in einem Umfang gestattet, der den Gesamtcharakter des Kurses nicht den Kurs ver\u00e4ndert oder beeintr\u00e4chtigt. Dies gilt insbesondere auch f\u00fcr den Fall, dass eine Bestellung von Ersatzdozenten notwendig werden k\u00f6nnte.<\/p>\n\n\n\n<p>16  Es wird keine Haftung f\u00fcr Personen- und Sachsch\u00e4den \u00fcbernommen, die bei der Teilnahme am Kurs sowie in den Kursfreizeiten entstehen.<\/p>\n\n\n\n<p>17  Etwaige Anspr\u00fcche aus dem Vertrag sind bis sp\u00e4testens 1 Monat nach Beendigung des Kurses anzumelden.<\/p>\n\n\n\n<p>18  Vertragliche Anspr\u00fcche des Kursteilnehmers verj\u00e4hren nach einem Jahr.<\/p>\n\n\n\n<p>19  Sind Teile dieser Bestimmungen ung\u00fcltig, ber\u00fchrt das nicht die Wirksamkeit der \u00fcbrigen Bestimmungen.<\/p>\n\n\n\n<p>20  Gerichtsstand ist Koblenz.<\/p>\n\n\n\n<p>Stand: 31.12.2022<\/p>\n","protected":false},"excerpt":{"rendered":"<p>Unsere Allgemeinen Gesch\u00e4ftsbedingungen f\u00fcr Seminare und Festivals 1 Sie bieten uns den Abschluss des Vertrages an, wenn Ihre schriftliche Anmeldung per Post, per Telefax oder per eMail bei uns zugeht. 2 Bei Minderj\u00e4hrigen ist die schriftliche Einverst\u00e4ndniserkl\u00e4rung der Erziehungsberechtigten auf dem daf\u00fcr vorgesehenen Vordruck erforderlich. Die Einverst\u00e4ndniserkl\u00e4rung beinhaltet besondere Regelungen f\u00fcr das Verhalten der minderj\u00e4hrigen [&hellip;]<\/p>\n","protected":false},"author":1,"featured_media":0,"parent":0,"menu_order":0,"comment_status":"closed","ping_status":"closed","template":"","meta":{"footnotes":""},"class_list":["post-178","page","type-page","status-publish","hentry"],"_links":{"self":[{"href":"https:\/\/gitarrenkultur.de\/index.php?rest_route=\/wp\/v2\/pages\/178","targetHints":{"allow":["GET"]}}],"collection":[{"href":"https:\/\/gitarrenkultur.de\/index.php?rest_route=\/wp\/v2\/pages"}],"about":[{"href":"https:\/\/gitarrenkultur.de\/index.php?rest_route=\/wp\/v2\/types\/page"}],"author":[{"embeddable":true,"href":"https:\/\/gitarrenkultur.de\/index.php?rest_route=\/wp\/v2\/users\/1"}],"replies":[{"embeddable":true,"href":"https:\/\/gitarrenkultur.de\/index.php?rest_route=%2Fwp%2Fv2%2Fcomments&post=178"}],"version-history":[{"count":4,"href":"https:\/\/gitarrenkultur.de\/index.php?rest_route=\/wp\/v2\/pages\/178\/revisions"}],"predecessor-version":[{"id":596,"href":"https:\/\/gitarrenkultur.de\/index.php?rest_route=\/wp\/v2\/pages\/178\/revisions\/596"}],"wp:attachment":[{"href":"https:\/\/gitarrenkultur.de\/index.php?rest_route=%2Fwp%2Fv2%2Fmedia&parent=178"}],"curies":[{"name":"wp","href":"https:\/\/api.w.org\/{rel}","templated":true}]}}