{"id":174,"date":"2019-10-22T12:17:10","date_gmt":"2019-10-22T12:17:10","guid":{"rendered":"http:\/\/gitarrenkultur.de\/?page_id=174"},"modified":"2020-12-21T17:08:39","modified_gmt":"2020-12-21T17:08:39","slug":"e-gitarre-und-steelstring","status":"publish","type":"page","link":"https:\/\/gitarrenkultur.de\/?page_id=174","title":{"rendered":"E-Gitarre und Steelstring"},"content":{"rendered":"\n<h1 class=\"wp-block-heading\">Folgendes Angebot gibt es f\u00fcr E-Gitarre und Steelstring<\/h1>\n\n\n\n<p>Der Kursteilnehmer erh\u00e4lt <strong>zwei mal 30 Mintuen Einzelunterricht<\/strong> bei einem der Dozenten.  Au\u00dferdem kann er zus\u00e4tzlich an<strong> allen anderen Angeboten des Kurses <\/strong>teilnehmen.<br>Neben dem Einzelunterricht hat jeder Teilnehmer die M\u00f6glichkeit an einem <strong>E-Ensemble<\/strong>  teilzunehmen. Weiter gibt es diverse <strong>Ensembles<\/strong>, in den verschiedensten Besetzungen. Hier und da werden auch gerne E-Gitarren eingesetzt.<br> Und dann gibt es noch folgende M\u00f6glichkeiten:<br> (genaue Infos unter &#8222;Klassische Gitarre&#8220;)<br> Leon Frijns bietet eine Einf\u00fchrung in die <strong>Alexandertechnik<\/strong>, es gibt eine <strong>U18<\/strong> Gruppe mit Vicente Mozos del Campo und <strong>Bodypercussion <\/strong>mit Jeannette Mozos del Campo. In manchen Jahren finden <strong>Fachvortr\u00e4ge <\/strong>statt sowie unterschiedliche <strong>Konzerte<\/strong>.<br> Es gibt verschiedene <strong>Schnupperkurse<\/strong>, eine <strong>Notenausstellung <\/strong>eine <strong>Instrumentenausstellung<\/strong>.<\/p>\n\n\n\n<p>M\u00f6gliche Unterrichtsinhalte f\u00fcr <strong>E-Gitarristen<\/strong> sind:<br>\n-Spieltechniken mit Plektrum und Hybridpicking<br>\n-Tonbildung<br>\n-verzerrtes Spiel und D\u00e4mpftechniken<br>\n-Lead- und Rhythmusgitarre in verschiedenen Stilistiken<br>\n-Improvisation auch unter Verwendung von Playbacks<br>\n-Songwriting<\/p>\n\n\n\n<p>Folgende Unterrichtsinhalte f\u00fcr <strong>Steelstring <\/strong>sind m\u00f6glich:<br>\n-Liedbegleitung<br>\n-Plektrumspiel<br>\n-Fingerpicking<br>\n-Tonbildung unter Verwendung von Fingerpicks<br>\n-Improvisation<br>\n-Songwriting<\/p>\n\n\n\n<p>Nat\u00fcrlich gibt es viele M\u00f6glichkeiten zum <strong>Austausch, f\u00fcr Begegnungen, viel Spa\u00df und Musik<\/strong>. Sei es bei den gemeinsamen Mahlzeiten, dem Tischkicker oder den gem\u00fctlichen Abenden auf dem Marktplatz im Seminargeb\u00e4ude.<\/p>\n","protected":false},"excerpt":{"rendered":"<p>Folgendes Angebot gibt es f\u00fcr E-Gitarre und Steelstring Der Kursteilnehmer erh\u00e4lt zwei mal 30 Mintuen Einzelunterricht bei einem der Dozenten. Au\u00dferdem kann er zus\u00e4tzlich an allen anderen Angeboten des Kurses teilnehmen.Neben dem Einzelunterricht hat jeder Teilnehmer die M\u00f6glichkeit an einem E-Ensemble teilzunehmen. Weiter gibt es diverse Ensembles, in den verschiedensten Besetzungen. Hier und da werden [&hellip;]<\/p>\n","protected":false},"author":1,"featured_media":0,"parent":116,"menu_order":6,"comment_status":"closed","ping_status":"closed","template":"","meta":{"footnotes":""},"class_list":["post-174","page","type-page","status-publish","hentry"],"_links":{"self":[{"href":"https:\/\/gitarrenkultur.de\/index.php?rest_route=\/wp\/v2\/pages\/174","targetHints":{"allow":["GET"]}}],"collection":[{"href":"https:\/\/gitarrenkultur.de\/index.php?rest_route=\/wp\/v2\/pages"}],"about":[{"href":"https:\/\/gitarrenkultur.de\/index.php?rest_route=\/wp\/v2\/types\/page"}],"author":[{"embeddable":true,"href":"https:\/\/gitarrenkultur.de\/index.php?rest_route=\/wp\/v2\/users\/1"}],"replies":[{"embeddable":true,"href":"https:\/\/gitarrenkultur.de\/index.php?rest_route=%2Fwp%2Fv2%2Fcomments&post=174"}],"version-history":[{"count":3,"href":"https:\/\/gitarrenkultur.de\/index.php?rest_route=\/wp\/v2\/pages\/174\/revisions"}],"predecessor-version":[{"id":415,"href":"https:\/\/gitarrenkultur.de\/index.php?rest_route=\/wp\/v2\/pages\/174\/revisions\/415"}],"up":[{"embeddable":true,"href":"https:\/\/gitarrenkultur.de\/index.php?rest_route=\/wp\/v2\/pages\/116"}],"wp:attachment":[{"href":"https:\/\/gitarrenkultur.de\/index.php?rest_route=%2Fwp%2Fv2%2Fmedia&parent=174"}],"curies":[{"name":"wp","href":"https:\/\/api.w.org\/{rel}","templated":true}]}}