{"id":169,"date":"2019-10-22T12:06:52","date_gmt":"2019-10-22T12:06:52","guid":{"rendered":"http:\/\/gitarrenkultur.de\/?page_id=169"},"modified":"2025-10-19T18:03:21","modified_gmt":"2025-10-19T16:03:21","slug":"mandoline","status":"publish","type":"page","link":"https:\/\/gitarrenkultur.de\/?page_id=169","title":{"rendered":"Mandoline &#8211; erst wieder bei den 32. Gitarrentagen"},"content":{"rendered":"\n<h1 class=\"wp-block-heading\">Die Mandoline bei den Gitarrentagen<\/h1>\n\n\n\n<p><em>&#8222;Ah, Mandoline, diese kleine Gitarre!&#8220;, so denken viele. Aber auch wenn beide Instrumente miteinander verwandt sind, da sie von der Laute abstammen, so klingen sie doch ganz verschieden und auch deren Spielweise unterscheidet sich sehr. Es gibt flache und rundbauchige Mandolinen. Letztere sind in Deutschland am weitesten verbreitet und werden aufgrund ihres klaren, glockigen Klanges gesch\u00e4tzt. Die Mandoline hat acht Saiten in der Quint-Stimmung g, d, a und e, genau wie die Geige, wobei anders als bei der Violine jede Saite doppelch\u00f6rig, also zweifach vorkommt. Diese Doppelch\u00f6rigkeit kommt dem Tremolo zugute, f\u00fcr das die Mandoline so bekannt ist. Das Instrument, auf dem heute nahezu jede Art von Musik aus unterschiedlichsten Epochen gespielt wird, ist die neapolitanische mandoline, die mit einem Plektrum gezupft. wird. Musik der Renaissance, des Barock und der Wiener Klassik werden auch auf der Barockmandoline gespielt, die mit einem Federkiel oder mit den Fingern angeschlagen wird.\nDie rundbauchige neapolitanische Mandoline ist sowohl in der klassischen Musik als auch in der Folklore zu Hause und wird auch im Pop- und Rockmusikbereich immer beliebter &#8211; Milow, Katie Melua, Led Zeppelin, REM, Beatles, um hier nur einige Bands und Musiker zu nennen.\nMan kann mit der Mandoline auch begleiten, sie ist zum Akkordspiel genauso geeignet wie als Soloinstrument zum einstimmigen und mehrstimmigen Spiel ode rin Ensemble und Orchester. Auch zum Singen und Begleiten eignet sich die Mandoline hervorragend, ihr Klang entspricht der kindlichen Stimmlage, au\u00dferdem kann man Akkorde sowie Melodien gleicherma\u00dfen musizieren!\nDie Mandoline kann bereits in jungen jhren, zwischen f\u00fcnf und sechs Jahren erlernt werden, dies wird auch durch entsprechende Kindermandolinen erm\u00f6glicht.\nAber auch &#8222;Gro\u00dfe&#8220; erfreuen sich an der handlichen Gr\u00f6\u00dfe und am gemeinsamen Spielen in den weitverbreiteten Zupforchestern.<\/em><\/p>\n\n\n\n<p>Auf den<strong> Gitarrentagen in Vallendar<\/strong> &#8211; auch wenn es der Titel nicht verr\u00e4t &#8211; kann man auch Mandolinenunterricht besuchen. Egal ob Anf\u00e4nger oder Fortgeschrittener, hier ist jeder herzlich willkommen!<br>\nWer noch keine Mandoline in der Hand hatte jedoch Lust hat, das Instrument auszuprobieren, kann dies im <strong>Schnupperkurs<\/strong>, geleitet von <strong>Jeannette Mozos del<\/strong> <strong>Campo<\/strong>, bei den Gitarrentagen machen. Daf\u00fcr stehen eine begrenzte Anzahl an Instrumenten zur Verf\u00fcgung.<\/p>\n\n\n\n<h1 class=\"wp-block-heading\">Folgendes Angebot gibt es f\u00fcr Mandolinenspieler<\/h1>\n\n\n\n<p>Jedem Teilnehmer, der sich f\u00fcr den Kurs mit Schwerpunkt <strong>Mandoline <\/strong>anmeldet, stehen, wie dem Klassischen Gitarristen, <strong>zwei mal 30 Minuten Einzelunterricht<\/strong> bei <strong>Jeannette Mozos del Campo<\/strong> zu.<\/p>\n\n\n\n<p>M\u00f6gliche <strong>Unterrichtsinhalte <\/strong>f\u00fcr Mandoline sind:<br>\n-Spieltechniken mit Plektrum wie Wechselschlag, geneigte und gerade Anschlagstechniken, Tremolo, klassische Arpeggiotechniken<br>\n-Spieltechniken mit Plektrum speziell f\u00fcr E-Gitarristen<br>\n-Tonbildung<br>\n-Spielhaltung<br>\n-linke Hand: Gel\u00e4ufigkeits- und Konditionstrining, Lagenspiel<br>\n-Kammermusik, Mandoline und Gitarre oder anderen Begleitpartnern<br>\n-Akkordspiel \/ Liedbegleitung mit der Mandoline<\/p>\n\n\n\n<p>Wir freuen uns, wenn auch die Mandolinenspieler am <strong>klassischen Orchester<\/strong> oder den <strong>Ensembles <\/strong>teilnehmen.<\/p>\n\n\n\n<p>Weitere Teilnahmem\u00f6glichkeiten sind die <strong>U18 Gruppe<\/strong>, der j\u00e4hrlich wechselnde <strong>Fachvortrag<\/strong>, die <strong>Bodypercussion<\/strong>, <strong>K\u00f6rper und Bewegung<\/strong> <strong>Schnupperkurse<\/strong>, <strong>Konzerte <\/strong>und die <strong>Noten- und Instrumentenausstellung<\/strong>.<br>\nAusf\u00fchrliche Erl\u00e4uterungen dazu unter &#8222;Klassische Gitarre&#8220;.<\/p>\n","protected":false},"excerpt":{"rendered":"<p>Die Mandoline bei den Gitarrentagen &#8222;Ah, Mandoline, diese kleine Gitarre!&#8220;, so denken viele. Aber auch wenn beide Instrumente miteinander verwandt sind, da sie von der Laute abstammen, so klingen sie doch ganz verschieden und auch deren Spielweise unterscheidet sich sehr. Es gibt flache und rundbauchige Mandolinen. Letztere sind in Deutschland am weitesten verbreitet und werden [&hellip;]<\/p>\n","protected":false},"author":1,"featured_media":0,"parent":116,"menu_order":5,"comment_status":"closed","ping_status":"closed","template":"","meta":{"footnotes":""},"class_list":["post-169","page","type-page","status-publish","hentry"],"_links":{"self":[{"href":"https:\/\/gitarrenkultur.de\/index.php?rest_route=\/wp\/v2\/pages\/169","targetHints":{"allow":["GET"]}}],"collection":[{"href":"https:\/\/gitarrenkultur.de\/index.php?rest_route=\/wp\/v2\/pages"}],"about":[{"href":"https:\/\/gitarrenkultur.de\/index.php?rest_route=\/wp\/v2\/types\/page"}],"author":[{"embeddable":true,"href":"https:\/\/gitarrenkultur.de\/index.php?rest_route=\/wp\/v2\/users\/1"}],"replies":[{"embeddable":true,"href":"https:\/\/gitarrenkultur.de\/index.php?rest_route=%2Fwp%2Fv2%2Fcomments&post=169"}],"version-history":[{"count":3,"href":"https:\/\/gitarrenkultur.de\/index.php?rest_route=\/wp\/v2\/pages\/169\/revisions"}],"predecessor-version":[{"id":1116,"href":"https:\/\/gitarrenkultur.de\/index.php?rest_route=\/wp\/v2\/pages\/169\/revisions\/1116"}],"up":[{"embeddable":true,"href":"https:\/\/gitarrenkultur.de\/index.php?rest_route=\/wp\/v2\/pages\/116"}],"wp:attachment":[{"href":"https:\/\/gitarrenkultur.de\/index.php?rest_route=%2Fwp%2Fv2%2Fmedia&parent=169"}],"curies":[{"name":"wp","href":"https:\/\/api.w.org\/{rel}","templated":true}]}}