{"id":139,"date":"2019-10-22T10:59:59","date_gmt":"2019-10-22T10:59:59","guid":{"rendered":"http:\/\/gitarrenkultur.de\/?page_id=139"},"modified":"2025-10-19T17:40:54","modified_gmt":"2025-10-19T15:40:54","slug":"dozenten","status":"publish","type":"page","link":"https:\/\/gitarrenkultur.de\/?page_id=139","title":{"rendered":"Dozenten"},"content":{"rendered":"\n<p>Auf dieser Seite findet ihr alle Dozenten der Gitarrentage Vallendar.<br>Die Besetzung der Dozenten kann von Jahr zu Jahr varriieren.<br>\u00c4nderungen sind auch kurzfristig m\u00f6glich.<br>Bitte informiert euch auf dem Flyer, welche Dozenten kommen.<\/p>\n\n\n\n<h1 class=\"wp-block-heading has-text-align-center\">  Leon Frijns<\/h1>\n\n\n<div class=\"wp-block-image\">\n<figure class=\"alignleft is-resized\"><img loading=\"lazy\" decoding=\"async\" width=\"881\" height=\"1024\" src=\"https:\/\/gitarrenkultur.de\/wp-content\/uploads\/2019\/10\/leonneuesfoto-881x1024.jpg\" alt=\"\" class=\"wp-image-140\" style=\"width:276px;height:321px\" srcset=\"https:\/\/gitarrenkultur.de\/wp-content\/uploads\/2019\/10\/leonneuesfoto-881x1024.jpg 881w, https:\/\/gitarrenkultur.de\/wp-content\/uploads\/2019\/10\/leonneuesfoto-258x300.jpg 258w, https:\/\/gitarrenkultur.de\/wp-content\/uploads\/2019\/10\/leonneuesfoto-768x892.jpg 768w, https:\/\/gitarrenkultur.de\/wp-content\/uploads\/2019\/10\/leonneuesfoto-624x725.jpg 624w, https:\/\/gitarrenkultur.de\/wp-content\/uploads\/2019\/10\/leonneuesfoto.jpg 1093w\" sizes=\"auto, (max-width: 881px) 100vw, 881px\" \/><\/figure>\n<\/div>\n\n\n<p>Leon Frijns ist seit 1990 als Gitarrenlehrer dem Conservatoire de  Musique du Nord in Diekirch (Luxemburg) verbunden. Er studierte Gitarre  am Conservatorium voor Muziek in Maastricht (Niederlande) und nahm an  zahlreichen Kursen und Seminaren von namhaften Gitarristen teil. Seine  Spielt\u00e4tigkeit umfasst ein breites Spektrum von Solo- und Kammermusik  als auch Jazz und Popularmusik. Von 1998 an spezialisierte er sich auf  die Escuela de la Guitarra von Abel Carlevaro, zuerst bei Assistenten  und dann in Montevideo bei Carlevaro selbst. Im Jahre 2005 vollendete er  die Lehrerausbildung in der Alexander-Technik unter der Leitung von  Elizabeth Langford, eine der Pioniere in der Anwendung der  Alexander-Technik beim Musizieren. Es ist sein Anliegen die Escuela de  la Guitarra von Abel Carlevaro und die Alexander-Technik zum Vorteil des  Gitarristen und Gitarrenspiels einzusetzen. <br><br>EMail:  leonardusfrijns(at)gmail.com &nbsp;  <\/p>\n\n\n\n<p><\/p>\n\n\n\n<h1 class=\"wp-block-heading has-text-align-center\">Brigitte Kilp<\/h1>\n\n\n<div class=\"wp-block-image\">\n<figure class=\"alignleft\"><img loading=\"lazy\" decoding=\"async\" width=\"177\" height=\"253\" src=\"https:\/\/gitarrenkultur.de\/wp-content\/uploads\/2019\/10\/Brigitte-Kilp.jpg\" alt=\"\" class=\"wp-image-141\"\/><\/figure>\n<\/div>\n\n\n<p>Seit dem Abschluss ihres Musikstudiums an der Hochschule f\u00fcr Musik und Darstellende Kunst in Frankfurt am Main bei Prof. Heinz Teuchert und Prof. Olaf van Gonnissen unterrichtet Brigitte Kilp als Gitarrenlehrerin an der Musikschule Frankfurt. In dieser Zeit hat sie auch einige didaktische Werke f\u00fcr verschiedene Gitarrenbesetzungen ver\u00f6ffentlicht. Zahlreiche ihrer methodischen Ideen f\u00fcr den Unterricht mit Gitarrensch\u00fclern im Grundschulalter und auch einige Gitarrenst\u00fccke wurden in die \u201eNeue Gitarrenfibel&#8220; von Heinz Teuchert mit aufgenommen. Erg\u00e4nzend dazu erschienen die Hefte \u201eMusizierspa\u00df mit 3 Gitarren\u201c und \u201eNoch mehr Musizierspa\u00df f\u00fcr 1 \u2013 4 Gitarren\u201c (Ricordi-Verlag M\u00fcnchen). Seit 2008 ist sie auch f\u00fcr das Projekt \u201ePrimacanta\u201c als Musiklehrerin in Frankfurter Grundschulen t\u00e4tig. Angeregt durch die Leitung verschiedener Gitarren-Ensembles und auch durch die T\u00e4tigkeit als Dozentin der \u201eGitarrentage in Vallendar\u201c hat sie mehrere St\u00fccke f\u00fcr Gitarren-Ensemble komponiert und bearbeitet. <br><br>EMail: <a href=\"mailto:B.P.Kilp@gmx.de\">brigitte.kilp(at)gmx.de<\/a><\/p>\n\n\n\n<p><\/p>\n\n\n\n<h1 class=\"wp-block-heading has-text-align-center\">Maria Linnemann<\/h1>\n\n\n<div class=\"wp-block-image\">\n<figure class=\"alignleft\"><img loading=\"lazy\" decoding=\"async\" width=\"300\" height=\"217\" src=\"https:\/\/gitarrenkultur.de\/wp-content\/uploads\/2019\/10\/maria_1-300x217.jpg\" alt=\"\" class=\"wp-image-142\"\/><\/figure>\n<\/div>\n\n\n<p>Maria Linnemann wurde 1947 in Amsterdam, Niederlande, geboren, wuchs aber in Engand auf. Hier begeisterte sie schon fr\u00fchzeitig die englische, schottische und irische Folklore. Sie studierte Dirigieren, Klavier und Geige an der Royal Acadamy of Music in London. Seit 1971 lebt sie in der Bundesrepublik, wo sie als freiberufliche Musikerin und P\u00e4dagogin t\u00e4tig ist. Ihr Gitarrenspiel verdankt sie dem unvergessenen gro\u00dfen Gitarristen, Bratschisten und K\u00fcnstler Martin Nicolai, der auch ein exzellenter Komponist war. Maria Linnemanns Reisen f\u00fchrten sie um die ganze Welt und inspirierten \u00fcber 500 Kompositionen f\u00fcr Gitarre. 2006 kehrte Sie nach f\u00fcnfj\u00e4hriger Lehrert\u00e4tigkeit in China nach Deutschland zur\u00fcck, um ihre Karriere als Musikerin fortzusetzen. (aus: www.maria-linnemann.de)<br><br>Internet: <a rel=\"noreferrer noopener\" href=\"http:\/\/www.maria-linnemann.de\" target=\"_blank\">www.maria-linnemann.de<\/a> <br>EMail:  <a href=\"mailto:m.linnemann@gmx.net\">m.linnemann(at)gmx.net<\/a><\/p>\n\n\n\n<p><\/p>\n\n\n\n<h1 class=\"wp-block-heading has-text-align-center\">Prof. Carlo Marchione<\/h1>\n\n\n<div class=\"wp-block-image\">\n<figure class=\"alignleft\"><img loading=\"lazy\" decoding=\"async\" width=\"300\" height=\"200\" src=\"https:\/\/gitarrenkultur.de\/wp-content\/uploads\/2019\/10\/Carloneu-300x200.jpg\" alt=\"\" class=\"wp-image-143\"\/><\/figure>\n<\/div>\n\n\n<p> Professor f\u00fcr klassische Konzertgitarre Der geb\u00fcrtige Italiener leitet regelm\u00e4\u00dfig Meisterklassen an gro\u00dfen europ\u00e4ischen Musikinstituten (Rom, Den Haag&#8230;) und ist als Professor f\u00fcr klassische Konzertgitarre am Konservatorium in Maastricht \/ Holland t\u00e4tig. Er tritt regelm\u00e4\u00dfig auf gro\u00dfen europ\u00e4ischen Musikfestivals als Solist, mit Orchester oder in verschiedenen Zusammenstellungen von Kammermusikgruppen auf. Neben seinen Konzertreisen hat Carlo Marchione mehrere CD Aufnahmen gemacht. Seit vielen Jahren leitet Carlo Marchione die Meisterklasse der Gitarrentage Vallendar. <br><br>Internet: <a rel=\"noreferrer noopener\" href=\"http:\/\/www.carlo-marchione.de\/\" target=\"_blank\">www.carlo-marchione.de<\/a> <br>EMail: <a href=\"mailto:marchionecarlo@gmx.com\">marchionecarlo(at)gmx.com<\/a><\/p>\n\n\n\n<p><\/p>\n\n\n\n<h1 class=\"wp-block-heading has-text-align-center\">Jeannette Mozos del Campo (geb. Haase)<\/h1>\n\n\n<div class=\"wp-block-image\">\n<figure class=\"alignleft\"><img loading=\"lazy\" decoding=\"async\" width=\"200\" height=\"300\" src=\"https:\/\/gitarrenkultur.de\/wp-content\/uploads\/2019\/10\/Jeannette-Mozos-del-Campo-200x300.jpg\" alt=\"\" class=\"wp-image-144\"\/><\/figure>\n<\/div>\n\n\n<p> Jeannette Mozos del Campo (geb. Haase) studierte bei Prof. Marga Wilden-H\u00fcsgen sowie bei Prof. Caterina Lichtenberg p\u00e4dagogische sowie k\u00fcnstlerische Instrumentalausbildung im Fach Mandoline an der Musikhochschule Wuppertal. Sie ist Solistin, Konzertmeisterin sowie Dozentin im Landeszupforchester Rheinland &#8211; Pfalz sowie Dozentin des Fidium Concentus, dem Landes- zupforchester Nordrhein-Westfalen. Die Mandolinistin ist derzeit als Musiklehrerin im Fach Mandoline und Gitarre sowie Allgemeine Musikerziehung an der Clara &#8211; Schumann Musikschule D\u00fcsseldorf und der St\u00e4dtischen Musikschule Bochum t\u00e4tig. Jeannette Mozos del Campo ist gefragte Dozentin auf nationalen wie auch internationalen Kursen und Festivals, sie wirkte bei mehreren CD Einspielungen mit. Gemeinsam mit ihrem Mann Vicente Mozos des Campo gr\u00fcndete sie das Duo Recuerda. <br><br>Internet:<a href=\"http:\/\/www.duorecuerda.de\/\"> www.Duorecuerda.de<\/a> <br>EMail: <a href=\"mailto:info@duorecuerda.com\">info(at)duorecuerda.de<\/a><\/p>\n\n\n\n<p><\/p>\n\n\n\n<h2 class=\"wp-block-heading has-text-align-center\">Vicente Mozos del Campo<\/h2>\n\n\n<div class=\"wp-block-image\">\n<figure class=\"alignleft\"><img loading=\"lazy\" decoding=\"async\" width=\"300\" height=\"200\" src=\"https:\/\/gitarrenkultur.de\/wp-content\/uploads\/2019\/10\/Vicente-Mozos-del-Campo-300x200.jpg\" alt=\"\" class=\"wp-image-147\"\/><\/figure>\n<\/div>\n\n\n<p> Vicente Mozos del Campo studierte sein Hauptfach Gitarre bei Prof. Alfred Eickholt (Wuppertal) sowie in der Meisterklasse bei Prof. Carlo Marchione am Conservatorium Maastricht. Er ist mehrfacher Preistr\u00e4ger und Finalist auf nationalen sowie internationalen Wettbewerben und wirkte bei Rundfunkaufnahmen des WDR und des NDR mit. Derzeit ist er f\u00fcr die Bergische Musikschule Wuppertal sowie die St\u00e4dtische Musikschule Bochum t\u00e4tig und nimmt als gefragter Musiker regelm\u00e4ssig Dozentent\u00e4tigkeiten auf Festivals und Lehrg\u00e4ngen wahr. Konzertreisen brachten ihn nach Spanien, Portugal, Italien, Schottland, Holland, Deutschland und Frankreich. Gemeinsam mit seiner Frau Jeannette Mozos del Campo gr\u00fcndete er das Duo Recuerda. <br><br>Internet: <a href=\"http:\/\/www.duorecuerda.de\/\">www.Duorecuerda.de<\/a> <br>EMail: <a href=\"mailto:info@duorecuerda.com\">info(at)duorecuerda.de<\/a><\/p>\n\n\n\n<p><\/p>\n\n\n\n<p><\/p>\n\n\n\n<p><\/p>\n\n\n\n<h1 class=\"wp-block-heading has-text-align-center\">Finn Elias Svit<\/h1>\n\n\n<div class=\"wp-block-image\">\n<figure class=\"alignleft is-resized\"><img loading=\"lazy\" decoding=\"async\" width=\"761\" height=\"1024\" src=\"https:\/\/gitarrenkultur.de\/wp-content\/uploads\/2019\/10\/27-09-2012-7-761x1024-761x1024.jpg\" alt=\"\" class=\"wp-image-150\" style=\"width:212px;height:285px\" srcset=\"https:\/\/gitarrenkultur.de\/wp-content\/uploads\/2019\/10\/27-09-2012-7-761x1024.jpg 761w, https:\/\/gitarrenkultur.de\/wp-content\/uploads\/2019\/10\/27-09-2012-7-761x1024-223x300.jpg 223w, https:\/\/gitarrenkultur.de\/wp-content\/uploads\/2019\/10\/27-09-2012-7-761x1024-624x840.jpg 624w\" sizes=\"auto, (max-width: 761px) 100vw, 761px\" \/><\/figure>\n<\/div>\n\n\n<p>Der D\u00e4ne Finn Svit absolvierte sein Studium mit dem Master Diplom f\u00fcr Klassische Gitarre am Nordj\u00fctl\u00e4ndischen Musikkonservatorium in Aalborg\/ D\u00e4nemark. Er erhielt ein Stipendium von dem &#8222;Dansk Musiker Forbund&#8220; und dem Nordj\u00fctl\u00e4ndischen Musikkonservatorium. Finn Svit ist aktiver Mitwirkender an internationalen Meisterklassen mit Prof. Karl Scheit, Prof. Sonja Prunnbauer, Hubert K\u00e4ppel, Wolfgang Lendle, Prof. Per Oluf Johnson, G\u00f6ran S\u00f6llscher, Milan Zelenka und Prof. Berhard Hebb. Desweiteren ist er Jurymitglied bei internationalen Musikwettbewerben. Finn Svit ist Direktor der &#8222;Mariagerfjord School of Art&#8220; sowie Gr\u00fcnder und k\u00fcnstlerischer Leiter des &#8222;Aalborg International Guitar Festival&#8220; <br><br>Internet: <a rel=\"noreferrer noopener\" href=\"http:\/\/Www.finnsvit.dk\/\" target=\"_blank\">www.finnsvit.dk<\/a> <br>EMail: <a href=\"mailto:fs@finnsvit.dk\">fs(at)finnsvit.dk<\/a><\/p>\n\n\n\n<p><\/p>\n\n\n\n<p><\/p>\n\n\n\n<p><\/p>\n\n\n\n<h2 class=\"wp-block-heading has-text-align-center\">Johannes Monno<\/h2>\n\n\n<div class=\"wp-block-image\">\n<figure class=\"alignleft is-resized\"><img loading=\"lazy\" decoding=\"async\" width=\"624\" height=\"380\" src=\"https:\/\/gitarrenkultur.de\/wp-content\/uploads\/2019\/10\/johannesmonno-624x380.jpg\" alt=\"\" class=\"wp-image-154\" style=\"width:268px;height:163px\" srcset=\"https:\/\/gitarrenkultur.de\/wp-content\/uploads\/2019\/10\/johannesmonno-624x380.jpg 624w, https:\/\/gitarrenkultur.de\/wp-content\/uploads\/2019\/10\/johannesmonno-624x380-300x183.jpg 300w\" sizes=\"auto, (max-width: 624px) 100vw, 624px\" \/><\/figure>\n<\/div>\n\n\n<p>Johannes Monno entdeckte mit sechs Jahren die Liebe zur Gitarre. Eingehend erforschte er die Geschichte und Spielweise von Vihuela da Mano, Barockgitarre und Chitarrone \u2013 etliche Publikationen, CDs, Vortragsreihen und Rundfunkaufnahmen resultieren aus dieser Besch\u00e4ftigung. Neben der kammermusikalischen Zusammenarbeit mit Ku\u0308nstlern wie Wilfried Jochens, Olaf Van Gonnissen, Kolja Lessing, dem Ensemble Rilegato und dem Trio Gremonda, hat Johannes Monno immer wieder durch thematisch fein gestaltete Soloprogramme auf sich aufmerksam gemacht.        Tillmann Reinbeck konzertiert kammermusikalisch und solistisch. Er ist Mitglied im renommierten Aleph Gitarrenquartett mit dem er regelm\u00e4\u00dfig zu Gast bei bedeutenden Festivals ist. Er erhielt Einladungen u.a. zu den Berliner Festspielen (MaerzMusik), dem Eclat Festival Stuttgart, dem GFA Gitarrenfestival (USA), den Klangspuren Schwaz (\u00d6sterreich) oder den N\u00fcrtinger Gitarrenfestspielen. Konzerte f\u00fchrten ihn u.a. ins Konzerthaus Berlin, die Elbphilharmonie Hamburg oder das Auditorio 400 in Madrid.<\/p>\n\n\n\n<p>Im letzten Jahr ver\u00f6ffentlichte er eine vielbeachtete CD mit s\u00e4mtlichen Lautensuiten von Johann Sebastian Bach bei Haenssler classic.         <\/p>\n\n\n\n<p>Fru\u0308h erfolgte der Ruf an die Musikhochschulen in Hamburg und Frankfurt. Seit 2004 ist er an der Hochschule fu\u0308r Musik und Darstellende Kunst in Stuttgart t\u00e4tig. Etliche internationale Preistr\u00e4ger haben bei ihm studiert. Johannes Monno ist neben Thomas Mu\u0308ller-Pering und Olaf Van Gonnissen Herausgeber der Neuen Karl Scheit-Reihe bei UE.        Nach Lehrauftr\u00e4gen an den Musikhochschulen in Stuttgart und Trossingen, sowie einer Lehrt\u00e4tigkeit an der Musikschule Konservatorium Z\u00fcrich, wurde Tillmann Reinbeck 2018 auf eine Professur an der Hochschule in Stuttgart berufen. Dort unterrichtet er mit gro\u00dfer Freude eine erfolgreiche Gitarrenklasse.<\/p>\n\n\n\n<p>Internet: <a href=\"https:\/\/www.johannesmonno.de\">www.johannesmonno.de<\/a><\/p>\n\n\n\n<h2 class=\"wp-block-heading has-text-align-center\">Fritz R\u00f6ssel<\/h2>\n\n\n<div class=\"wp-block-image\">\n<figure class=\"alignleft is-resized\"><img loading=\"lazy\" decoding=\"async\" width=\"698\" height=\"1024\" src=\"https:\/\/gitarrenkultur.de\/wp-content\/uploads\/2019\/12\/FritzFoto-698x1024.jpg\" alt=\"\" class=\"wp-image-259\" style=\"width:222px;height:325px\" srcset=\"https:\/\/gitarrenkultur.de\/wp-content\/uploads\/2019\/12\/FritzFoto-698x1024.jpg 698w, https:\/\/gitarrenkultur.de\/wp-content\/uploads\/2019\/12\/FritzFoto-204x300.jpg 204w, https:\/\/gitarrenkultur.de\/wp-content\/uploads\/2019\/12\/FritzFoto-768x1127.jpg 768w, https:\/\/gitarrenkultur.de\/wp-content\/uploads\/2019\/12\/FritzFoto-1046x1536.jpg 1046w, https:\/\/gitarrenkultur.de\/wp-content\/uploads\/2019\/12\/FritzFoto-624x916.jpg 624w, https:\/\/gitarrenkultur.de\/wp-content\/uploads\/2019\/12\/FritzFoto.jpg 1259w\" sizes=\"auto, (max-width: 698px) 100vw, 698px\" \/><\/figure>\n<\/div>\n\n\n<p><br>Der 1955 in Koblenz geborene Lebensk\u00fcnstler und gelernte Zupfinstrumentenmachermeister ist, so kann man behaupten, physisch und musikalisch weltweit unterwegs.<br>Haupts\u00e4chlich sieht er sich als \u201eL\u00fcckenspieler\u201c, dessen Herausforderung es ist, T\u00f6ne an der richtigen Stelle wegzulassen.<br>Neben seiner Meisterwerkstatt und seinem Gitarrenfachgesch\u00e4ft, das er seit 1978 in Koblenz betreibt, hat er seit 1985 sein eigenes Comedyprogramm und schreibt Fachb\u00fccher und Kinderb\u00fccher.<br>Auf den Gitarrentagen Vallendar, dessen erster Vorsitzender und Mitbegr\u00fcnder er ist, werden Rhythmik, Groove und Timing besonders angewendet.<br>Zum den besonderen Herausforderungen geh\u00f6rt auch der Cajonkurs, den er auf den Abschlu\u00dfkonzerten mit der E-Band zusammenbringt.<\/p>\n\n\n\n<p>Mehr Infos \u00fcber den Menschen: <a href=\"http:\/\/www.fritzroessel.de\">www.fritzroessel.de<\/a><\/p>\n\n\n\n<p>Mehr Info \u00fcber den Gitarrenbau; <a href=\"http:\/\/www.roesselguitars.com\">www.roesselguitars.com<\/a><\/p>\n\n\n\n<p>Mehr Info \u00fcber den Laden; <a href=\"http:\/\/www.gitarren-und-baesse.de\">www.gitarren-und-baesse.de<\/a><\/p>\n\n\n\n<p><\/p>\n\n\n\n<p class=\"has-text-align-center\" style=\"font-size:19px\"><strong>Patrick Steinbach<\/strong> <\/p>\n\n\n<div class=\"wp-block-image\">\n<figure class=\"alignleft size-full is-resized\"><img loading=\"lazy\" decoding=\"async\" width=\"500\" height=\"670\" src=\"https:\/\/gitarrenkultur.de\/wp-content\/uploads\/2023\/08\/Patrick-Steinbach-1.jpg\" alt=\"\" class=\"wp-image-791\" style=\"width:222px;height:325px\" srcset=\"https:\/\/gitarrenkultur.de\/wp-content\/uploads\/2023\/08\/Patrick-Steinbach-1.jpg 500w, https:\/\/gitarrenkultur.de\/wp-content\/uploads\/2023\/08\/Patrick-Steinbach-1-224x300.jpg 224w\" sizes=\"auto, (max-width: 500px) 100vw, 500px\" \/><\/figure>\n<\/div>\n\n\n<p>Ob Jigs und Reels, Polkas und M\u00e4rsche, gef\u00fchlvolle Balladen oder Kompositionen des blinden Harfenspielers Turlough O\u00b4Carolan \u2013 Patrick Steinbach zeigt den Teilnehmenden, wie sie irische Tunes mit wenig Aufwand, aber mit viel Spa\u00df, in der Gruppe spielen und arrangieren k\u00f6nnen. Im leichten bis mittleren Schwierigkeitsgrad stehen vor allem das gemeinsame Spiel, die Freude am Neuentdecken und entspanntes Lernen neuer St\u00fccke im Vordergrund. Voraussetzung f\u00fcr Gitarristen: Kenntnisse einfachen Akkordspiels, Grundkenntnisse im Melodiespiel; TABs- und Notenkenntnisse sind erw\u00fcnscht, aber nicht Bedingung. Gespielt wird in der Standardstimmung. Voraussetzung f\u00fcr Gitarristen: Kenntnisse einfachen Akkordspiels, Grundkenntnisse im Melodiespiel; TABs- und Notenkenntnisse sind erw\u00fcnscht, aber nicht Bedingung. Gespielt wird in der Standardstimmung.<br>SpielerInnen anderer in der irischen Musik gebr\u00e4uchlichen Melodieinstrumente (Fl\u00f6te, Geige, Mandoline, Harfe, Dudelsack, etc.) sind auch herzlich willkommen!<\/p>\n\n\n\n<p><a href=\"http:\/\/www.patrick-steinbach.de\">I<\/a>nternet: <a href=\"http:\/\/www.patrick-steinbach.de\">www.patrick-steinbach.de<\/a><br>EMail: <a href=\"mailto:steinbach@fulltone.de\">steinbach(at)fulltone.de<\/a><\/p>\n\n\n\n<p class=\"has-text-align-center\" style=\"font-size:19px\"><\/p>\n\n\n\n<p class=\"has-text-align-center\" style=\"font-size:19px\"><\/p>\n\n\n\n<p class=\"has-text-align-center\" style=\"font-size:19px\"><strong>J\u00f6rn Michael Borner<\/strong><\/p>\n\n\n\n<div class=\"wp-block-columns is-layout-flex wp-container-core-columns-is-layout-9d6595d7 wp-block-columns-is-layout-flex\">\n<div class=\"wp-block-column is-layout-flow wp-block-column-is-layout-flow\" style=\"flex-basis:33.33%\">\n<figure class=\"wp-block-image size-full\"><img loading=\"lazy\" decoding=\"async\" width=\"240\" height=\"320\" src=\"https:\/\/gitarrenkultur.de\/wp-content\/uploads\/2025\/10\/MichaelBorner.jpeg\" alt=\"\" class=\"wp-image-1112\" srcset=\"https:\/\/gitarrenkultur.de\/wp-content\/uploads\/2025\/10\/MichaelBorner.jpeg 240w, https:\/\/gitarrenkultur.de\/wp-content\/uploads\/2025\/10\/MichaelBorner-225x300.jpeg 225w\" sizes=\"auto, (max-width: 240px) 100vw, 240px\" \/><\/figure>\n<\/div>\n\n\n\n<div class=\"wp-block-column is-layout-flow wp-block-column-is-layout-flow\" style=\"flex-basis:66.66%\">\n<p>Gitarren- und Kompositionsstudium an der MHS K\u00f6ln\/ Abt. Wuppertal. Musikschulleiter, Gastdozent der Akademie Remscheid und MHS K\u00f6ln\/ Wuppertal. Live- und Studiomusiker, Autor , Musikproduzent.&nbsp;<\/p>\n\n\n\n<p>Als Mitglied zahlreicher Jazz-\/Fusion &#8211; Formationen musizierte der klassisch ausgebildete Gitarrist mit vielen, darunter auch namhaften Jazzmusikern. Die Musik des &#8222;Grenzg\u00e4ngers&#8220; ist in hohen Ma\u00dfe von der stilistischen Vielfalt der musikalischen Begegnungen gepr\u00e4gt. Das zeigt sich sowohl in seinen Konzerten als auch in seinen CD- und Notenver\u00f6ffentlichungen.<\/p>\n\n\n\n<p>Internet: www.michael-borner.de<br>Email: info(at)michael-borner.de<\/p>\n<\/div>\n<\/div>\n\n\n\n<p><br><\/p>\n","protected":false},"excerpt":{"rendered":"<p>Auf dieser Seite findet ihr alle Dozenten der Gitarrentage Vallendar.Die Besetzung der Dozenten kann von Jahr zu Jahr varriieren.\u00c4nderungen sind auch kurzfristig m\u00f6glich.Bitte informiert euch auf dem Flyer, welche Dozenten kommen. Leon Frijns Leon Frijns ist seit 1990 als Gitarrenlehrer dem Conservatoire de Musique du Nord in Diekirch (Luxemburg) verbunden. Er studierte Gitarre am Conservatorium [&hellip;]<\/p>\n","protected":false},"author":1,"featured_media":0,"parent":116,"menu_order":2,"comment_status":"closed","ping_status":"closed","template":"","meta":{"footnotes":""},"class_list":["post-139","page","type-page","status-publish","hentry"],"_links":{"self":[{"href":"https:\/\/gitarrenkultur.de\/index.php?rest_route=\/wp\/v2\/pages\/139","targetHints":{"allow":["GET"]}}],"collection":[{"href":"https:\/\/gitarrenkultur.de\/index.php?rest_route=\/wp\/v2\/pages"}],"about":[{"href":"https:\/\/gitarrenkultur.de\/index.php?rest_route=\/wp\/v2\/types\/page"}],"author":[{"embeddable":true,"href":"https:\/\/gitarrenkultur.de\/index.php?rest_route=\/wp\/v2\/users\/1"}],"replies":[{"embeddable":true,"href":"https:\/\/gitarrenkultur.de\/index.php?rest_route=%2Fwp%2Fv2%2Fcomments&post=139"}],"version-history":[{"count":22,"href":"https:\/\/gitarrenkultur.de\/index.php?rest_route=\/wp\/v2\/pages\/139\/revisions"}],"predecessor-version":[{"id":1113,"href":"https:\/\/gitarrenkultur.de\/index.php?rest_route=\/wp\/v2\/pages\/139\/revisions\/1113"}],"up":[{"embeddable":true,"href":"https:\/\/gitarrenkultur.de\/index.php?rest_route=\/wp\/v2\/pages\/116"}],"wp:attachment":[{"href":"https:\/\/gitarrenkultur.de\/index.php?rest_route=%2Fwp%2Fv2%2Fmedia&parent=139"}],"curies":[{"name":"wp","href":"https:\/\/api.w.org\/{rel}","templated":true}]}}