{"id":100,"date":"2019-10-22T08:55:01","date_gmt":"2019-10-22T08:55:01","guid":{"rendered":"http:\/\/gitarrenkultur.de\/?page_id=100"},"modified":"2019-10-22T08:55:01","modified_gmt":"2019-10-22T08:55:01","slug":"mitglied-werden","status":"publish","type":"page","link":"https:\/\/gitarrenkultur.de\/?page_id=100","title":{"rendered":"Mitglied werden"},"content":{"rendered":"\n<h1 class=\"wp-block-heading\">Werden Sie Mitglied!<\/h1>\n\n\n\n<p>Wollen Sie unseren Verein bei seiner Arbeit unterst\u00fctzen ?<\/p>\n\n\n\n<p>Dann werden Sie doch Mitglied !<\/p>\n\n\n\n<p>Der Mitgliedsbeitrag f\u00fcr Sch\u00fcler und Studenten betr\u00e4gt j\u00e4hrlich 12,50 EUR und f\u00fcr Erwachsene 25,- EUR. Nat\u00fcrlich d\u00fcrfen Sie den Beitrag auch beliebig aufstocken.<br>\nF\u00fcllen Sie einfach unser Mitgliedsformular aus, dann sind Sie schon sehr bald dabei .<\/p>\n\n\n\n<p>Wir freuen uns auf Sie !<\/p>\n\n\n\n<div class=\"wpcf7 no-js\" id=\"wpcf7-f99-o1\" lang=\"de-DE\" dir=\"ltr\" data-wpcf7-id=\"99\">\n<div class=\"screen-reader-response\"><p role=\"status\" aria-live=\"polite\" aria-atomic=\"true\"><\/p> <ul><\/ul><\/div>\n<form action=\"\/index.php?rest_route=%2Fwp%2Fv2%2Fpages%2F100#wpcf7-f99-o1\" method=\"post\" class=\"wpcf7-form init\" aria-label=\"Kontaktformular\" novalidate=\"novalidate\" data-status=\"init\">\n<fieldset class=\"hidden-fields-container\"><input type=\"hidden\" name=\"_wpcf7\" value=\"99\" \/><input type=\"hidden\" name=\"_wpcf7_version\" value=\"6.1.5\" \/><input type=\"hidden\" name=\"_wpcf7_locale\" value=\"de_DE\" \/><input type=\"hidden\" name=\"_wpcf7_unit_tag\" value=\"wpcf7-f99-o1\" \/><input type=\"hidden\" name=\"_wpcf7_container_post\" value=\"0\" \/><input type=\"hidden\" name=\"_wpcf7_posted_data_hash\" value=\"\" \/>\n<\/fieldset>\n<p><label> Name (Pflichtfeld)<br \/>\n<span class=\"wpcf7-form-control-wrap\" data-name=\"vorundzuname\"><input size=\"40\" maxlength=\"400\" class=\"wpcf7-form-control wpcf7-text wpcf7-validates-as-required\" aria-required=\"true\" aria-invalid=\"false\" value=\"\" type=\"text\" name=\"vorundzuname\" \/><\/span> <\/label>\n<\/p>\n<p><label> Strasse (Pflichtfeld)<br \/>\n<span class=\"wpcf7-form-control-wrap\" data-name=\"strasse\"><input size=\"40\" maxlength=\"400\" class=\"wpcf7-form-control wpcf7-text wpcf7-validates-as-required\" aria-required=\"true\" aria-invalid=\"false\" value=\"\" type=\"text\" name=\"strasse\" \/><\/span> <\/label>\n<\/p>\n<p><label> PLZ\/Ort (Pflichtfeld)<br \/>\n<span class=\"wpcf7-form-control-wrap\" data-name=\"plzort\"><input size=\"40\" maxlength=\"400\" class=\"wpcf7-form-control wpcf7-text wpcf7-validates-as-required\" aria-required=\"true\" aria-invalid=\"false\" value=\"\" type=\"text\" name=\"plzort\" \/><\/span> <\/label>\n<\/p>\n<p><label> Telefon-Nr. (Pflichtfeld)<br \/>\n<span class=\"wpcf7-form-control-wrap\" data-name=\"telefon\"><input size=\"40\" maxlength=\"400\" class=\"wpcf7-form-control wpcf7-tel wpcf7-validates-as-required wpcf7-text wpcf7-validates-as-tel\" aria-required=\"true\" aria-invalid=\"false\" value=\"\" type=\"tel\" name=\"telefon\" \/><\/span> <\/label>\n<\/p>\n<p><label> E-Mail-Adresse (Pflichtfeld)<br \/>\n<span class=\"wpcf7-form-control-wrap\" data-name=\"emailadresse\"><input size=\"40\" maxlength=\"400\" class=\"wpcf7-form-control wpcf7-email wpcf7-validates-as-required wpcf7-text wpcf7-validates-as-email\" aria-required=\"true\" aria-invalid=\"false\" value=\"\" type=\"email\" name=\"emailadresse\" \/><\/span> <\/label>\n<\/p>\n<p><label> Geburtsdatum (Pflichtfeld)<br \/>\n<span class=\"wpcf7-form-control-wrap\" data-name=\"geburtsdatum\"><input class=\"wpcf7-form-control wpcf7-date wpcf7-validates-as-required wpcf7-validates-as-date\" aria-required=\"true\" aria-invalid=\"false\" value=\"\" type=\"date\" name=\"geburtsdatum\" \/><\/span> <\/label>\n<\/p>\n<p><label> Mindestbeitrag (Pflichtfeld)<br \/>\n<span class=\"wpcf7-form-control-wrap\" data-name=\"Mindestbeitrag\"><select class=\"wpcf7-form-control wpcf7-select wpcf7-validates-as-required\" aria-required=\"true\" aria-invalid=\"false\" name=\"Mindestbeitrag\"><option value=\"25,- EUR\">25,- EUR<\/option><option value=\"12,50 EUR\">12,50 EUR<\/option><\/select><\/span> <\/label>\n<\/p>\n<p><label> Aufstockung des Mindestbeitrages<br \/>\n<span class=\"wpcf7-form-control-wrap\" data-name=\"Aufstockung\"><input class=\"wpcf7-form-control wpcf7-number wpcf7-validates-as-number\" aria-invalid=\"false\" value=\"\" type=\"number\" name=\"Aufstockung\" \/><\/span> <\/label>\n<\/p>\n<p><label> Mitteilung<br \/>\n<span class=\"wpcf7-form-control-wrap\" data-name=\"your-message\"><textarea cols=\"40\" rows=\"10\" maxlength=\"2000\" class=\"wpcf7-form-control wpcf7-textarea\" aria-invalid=\"false\" name=\"your-message\"><\/textarea><\/span> <\/label>\n<\/p>\n<p><input class=\"wpcf7-form-control wpcf7-submit has-spinner\" type=\"submit\" value=\"Senden\" \/>\n<\/p><div class=\"wpcf7-response-output\" aria-hidden=\"true\"><\/div>\n<\/form>\n<\/div>\n\n","protected":false},"excerpt":{"rendered":"<p>Werden Sie Mitglied! Wollen Sie unseren Verein bei seiner Arbeit unterst\u00fctzen ? Dann werden Sie doch Mitglied ! Der Mitgliedsbeitrag f\u00fcr Sch\u00fcler und Studenten betr\u00e4gt j\u00e4hrlich 12,50 EUR und f\u00fcr Erwachsene 25,- EUR. Nat\u00fcrlich d\u00fcrfen Sie den Beitrag auch beliebig aufstocken. F\u00fcllen Sie einfach unser Mitgliedsformular aus, dann sind Sie schon sehr bald dabei . [&hellip;]<\/p>\n","protected":false},"author":1,"featured_media":0,"parent":81,"menu_order":0,"comment_status":"closed","ping_status":"closed","template":"","meta":{"footnotes":""},"class_list":["post-100","page","type-page","status-publish","hentry"],"_links":{"self":[{"href":"https:\/\/gitarrenkultur.de\/index.php?rest_route=\/wp\/v2\/pages\/100","targetHints":{"allow":["GET"]}}],"collection":[{"href":"https:\/\/gitarrenkultur.de\/index.php?rest_route=\/wp\/v2\/pages"}],"about":[{"href":"https:\/\/gitarrenkultur.de\/index.php?rest_route=\/wp\/v2\/types\/page"}],"author":[{"embeddable":true,"href":"https:\/\/gitarrenkultur.de\/index.php?rest_route=\/wp\/v2\/users\/1"}],"replies":[{"embeddable":true,"href":"https:\/\/gitarrenkultur.de\/index.php?rest_route=%2Fwp%2Fv2%2Fcomments&post=100"}],"version-history":[{"count":1,"href":"https:\/\/gitarrenkultur.de\/index.php?rest_route=\/wp\/v2\/pages\/100\/revisions"}],"predecessor-version":[{"id":101,"href":"https:\/\/gitarrenkultur.de\/index.php?rest_route=\/wp\/v2\/pages\/100\/revisions\/101"}],"up":[{"embeddable":true,"href":"https:\/\/gitarrenkultur.de\/index.php?rest_route=\/wp\/v2\/pages\/81"}],"wp:attachment":[{"href":"https:\/\/gitarrenkultur.de\/index.php?rest_route=%2Fwp%2Fv2%2Fmedia&parent=100"}],"curies":[{"name":"wp","href":"https:\/\/api.w.org\/{rel}","templated":true}]}}